{"id":72,"date":"2021-05-17T13:50:41","date_gmt":"2021-05-17T11:50:41","guid":{"rendered":"https:\/\/hotellarenaissance.fr\/contact@hotellarenaissance.fr\/?page_id=72"},"modified":"2023-04-08T10:26:10","modified_gmt":"2023-04-08T08:26:10","slug":"la-renaissance","status":"publish","type":"page","link":"https:\/\/hotellarenaissance.fr\/contact@hotellarenaissance.fr\/la-renaissance\/","title":{"rendered":"La Renaissance"},"content":{"rendered":"\n<figure class=\"wp-block-image size-large\"><img loading=\"lazy\" decoding=\"async\" width=\"1024\" height=\"724\" src=\"https:\/\/hotellarenaissance.fr\/contact@hotellarenaissance.fr\/wp-content\/uploads\/2021\/04\/a4-haut-1024x724.jpg\" alt=\"\" class=\"wp-image-51\" srcset=\"https:\/\/hotellarenaissance.fr\/contact@hotellarenaissance.fr\/wp-content\/uploads\/2021\/04\/a4-haut-1024x724.jpg 1024w, https:\/\/hotellarenaissance.fr\/contact@hotellarenaissance.fr\/wp-content\/uploads\/2021\/04\/a4-haut-300x212.jpg 300w, https:\/\/hotellarenaissance.fr\/contact@hotellarenaissance.fr\/wp-content\/uploads\/2021\/04\/a4-haut-768x543.jpg 768w, https:\/\/hotellarenaissance.fr\/contact@hotellarenaissance.fr\/wp-content\/uploads\/2021\/04\/a4-haut-1536x1086.jpg 1536w, https:\/\/hotellarenaissance.fr\/contact@hotellarenaissance.fr\/wp-content\/uploads\/2021\/04\/a4-haut-85x60.jpg 85w, https:\/\/hotellarenaissance.fr\/contact@hotellarenaissance.fr\/wp-content\/uploads\/2021\/04\/a4-haut.jpg 1600w\" sizes=\"auto, (max-width: 1024px) 100vw, 1024px\" \/><\/figure>\n\n\n\n<p>La Renaissance est situ\u00e9e sur les hauteurs de Revel, \u00e0 45 km de Toulouse (31) et de Carcassonne (11). Vous retrouverez toute l\u2019ambiance d\u2019un h\u00f4tel charmant et confortable, dans des belles chambres personnalis\u00e9es, spacieuses et lumineuses. A la belle saison , vous pourrez profiter de la piscine attenante \u00e0 l\u2019h\u00f4tel.<\/p>\n\n\n<div class=\"wp-block-image\">\n<figure class=\"aligncenter size-large\"><img loading=\"lazy\" decoding=\"async\" width=\"768\" height=\"1024\" src=\"https:\/\/hotellarenaissance.fr\/contact@hotellarenaissance.fr\/wp-content\/uploads\/2023\/04\/339286824_3140723472887136_3230566774115090483_n-768x1024.jpg\" alt=\"\" class=\"wp-image-253\" srcset=\"https:\/\/hotellarenaissance.fr\/contact@hotellarenaissance.fr\/wp-content\/uploads\/2023\/04\/339286824_3140723472887136_3230566774115090483_n-768x1024.jpg 768w, https:\/\/hotellarenaissance.fr\/contact@hotellarenaissance.fr\/wp-content\/uploads\/2023\/04\/339286824_3140723472887136_3230566774115090483_n-225x300.jpg 225w, https:\/\/hotellarenaissance.fr\/contact@hotellarenaissance.fr\/wp-content\/uploads\/2023\/04\/339286824_3140723472887136_3230566774115090483_n-1152x1536.jpg 1152w, https:\/\/hotellarenaissance.fr\/contact@hotellarenaissance.fr\/wp-content\/uploads\/2023\/04\/339286824_3140723472887136_3230566774115090483_n-45x60.jpg 45w, https:\/\/hotellarenaissance.fr\/contact@hotellarenaissance.fr\/wp-content\/uploads\/2023\/04\/339286824_3140723472887136_3230566774115090483_n.jpg 1536w\" sizes=\"auto, (max-width: 768px) 100vw, 768px\" \/><\/figure>\n<\/div>\n\n\n<p><\/p>\n\n\n\n<figure class=\"wp-block-image size-large\"><img loading=\"lazy\" decoding=\"async\" width=\"1024\" height=\"682\" src=\"https:\/\/hotellarenaissance.fr\/contact@hotellarenaissance.fr\/wp-content\/uploads\/2021\/05\/20180502_152203-01-1024x682.jpg\" alt=\"\" class=\"wp-image-94\" srcset=\"https:\/\/hotellarenaissance.fr\/contact@hotellarenaissance.fr\/wp-content\/uploads\/2021\/05\/20180502_152203-01-1024x682.jpg 1024w, https:\/\/hotellarenaissance.fr\/contact@hotellarenaissance.fr\/wp-content\/uploads\/2021\/05\/20180502_152203-01-300x200.jpg 300w, https:\/\/hotellarenaissance.fr\/contact@hotellarenaissance.fr\/wp-content\/uploads\/2021\/05\/20180502_152203-01-768x511.jpg 768w, https:\/\/hotellarenaissance.fr\/contact@hotellarenaissance.fr\/wp-content\/uploads\/2021\/05\/20180502_152203-01-1536x1023.jpg 1536w, https:\/\/hotellarenaissance.fr\/contact@hotellarenaissance.fr\/wp-content\/uploads\/2021\/05\/20180502_152203-01-90x60.jpg 90w, https:\/\/hotellarenaissance.fr\/contact@hotellarenaissance.fr\/wp-content\/uploads\/2021\/05\/20180502_152203-01.jpg 1928w\" sizes=\"auto, (max-width: 1024px) 100vw, 1024px\" \/><\/figure>\n\n\n\n<figure class=\"wp-block-image size-large\"><img loading=\"lazy\" decoding=\"async\" width=\"1024\" height=\"683\" src=\"https:\/\/hotellarenaissance.fr\/contact@hotellarenaissance.fr\/wp-content\/uploads\/2021\/05\/IMG_4354-1024x683.jpg\" alt=\"\" class=\"wp-image-99\" srcset=\"https:\/\/hotellarenaissance.fr\/contact@hotellarenaissance.fr\/wp-content\/uploads\/2021\/05\/IMG_4354-1024x683.jpg 1024w, https:\/\/hotellarenaissance.fr\/contact@hotellarenaissance.fr\/wp-content\/uploads\/2021\/05\/IMG_4354-300x200.jpg 300w, https:\/\/hotellarenaissance.fr\/contact@hotellarenaissance.fr\/wp-content\/uploads\/2021\/05\/IMG_4354-768x512.jpg 768w, https:\/\/hotellarenaissance.fr\/contact@hotellarenaissance.fr\/wp-content\/uploads\/2021\/05\/IMG_4354-1536x1025.jpg 1536w, https:\/\/hotellarenaissance.fr\/contact@hotellarenaissance.fr\/wp-content\/uploads\/2021\/05\/IMG_4354-90x60.jpg 90w, https:\/\/hotellarenaissance.fr\/contact@hotellarenaissance.fr\/wp-content\/uploads\/2021\/05\/IMG_4354.jpg 2000w\" sizes=\"auto, (max-width: 1024px) 100vw, 1024px\" \/><\/figure>\n\n\n\n<figure class=\"wp-block-image size-large\"><img loading=\"lazy\" decoding=\"async\" width=\"1024\" height=\"682\" src=\"https:\/\/hotellarenaissance.fr\/contact@hotellarenaissance.fr\/wp-content\/uploads\/2021\/05\/DSC00113-1024x682.jpg\" alt=\"\" class=\"wp-image-106\" srcset=\"https:\/\/hotellarenaissance.fr\/contact@hotellarenaissance.fr\/wp-content\/uploads\/2021\/05\/DSC00113-1024x682.jpg 1024w, https:\/\/hotellarenaissance.fr\/contact@hotellarenaissance.fr\/wp-content\/uploads\/2021\/05\/DSC00113-300x200.jpg 300w, https:\/\/hotellarenaissance.fr\/contact@hotellarenaissance.fr\/wp-content\/uploads\/2021\/05\/DSC00113-768x512.jpg 768w, https:\/\/hotellarenaissance.fr\/contact@hotellarenaissance.fr\/wp-content\/uploads\/2021\/05\/DSC00113-1536x1024.jpg 1536w, https:\/\/hotellarenaissance.fr\/contact@hotellarenaissance.fr\/wp-content\/uploads\/2021\/05\/DSC00113-90x60.jpg 90w, https:\/\/hotellarenaissance.fr\/contact@hotellarenaissance.fr\/wp-content\/uploads\/2021\/05\/DSC00113.jpg 2000w\" sizes=\"auto, (max-width: 1024px) 100vw, 1024px\" \/><\/figure>\n","protected":false},"excerpt":{"rendered":"<p>La Renaissance est situ\u00e9e sur les hauteurs de Revel, \u00e0 45 km de Toulouse (31) et de Carcassonne (11). Vous retrouverez toute l\u2019ambiance d\u2019un h\u00f4tel charmant et confortable, dans des belles chambres personnalis\u00e9es, spacieuses et lumineuses. A la belle saison , vous pourrez profiter de la piscine attenante \u00e0 l\u2019h\u00f4tel.<\/p>\n","protected":false},"author":1,"featured_media":0,"parent":0,"menu_order":0,"comment_status":"closed","ping_status":"closed","template":"","meta":{"footnotes":""},"class_list":["post-72","page","type-page","status-publish","hentry","grid-sizer"],"yoast_head":"<!-- This site is optimized with the Yoast SEO plugin v27.5 - https:\/\/yoast.com\/product\/yoast-seo-wordpress\/ -->\n<title>La Renaissance - La Renaissance<\/title>\n<meta name=\"robots\" content=\"index, follow, max-snippet:-1, max-image-preview:large, max-video-preview:-1\" \/>\n<link rel=\"canonical\" href=\"https:\/\/hotellarenaissance.fr\/contact@hotellarenaissance.fr\/la-renaissance\/\" \/>\n<meta property=\"og:locale\" content=\"fr_FR\" \/>\n<meta property=\"og:type\" content=\"article\" \/>\n<meta property=\"og:title\" content=\"La Renaissance - La Renaissance\" \/>\n<meta property=\"og:description\" content=\"La Renaissance est situ\u00e9e sur les hauteurs de Revel, \u00e0 45 km de Toulouse (31) et de Carcassonne (11). Vous retrouverez toute l\u2019ambiance d\u2019un h\u00f4tel charmant et confortable, dans des belles chambres personnalis\u00e9es, spacieuses et lumineuses. A la belle saison , vous pourrez profiter de la piscine attenante \u00e0 l\u2019h\u00f4tel.\" \/>\n<meta property=\"og:url\" content=\"https:\/\/hotellarenaissance.fr\/contact@hotellarenaissance.fr\/la-renaissance\/\" \/>\n<meta property=\"og:site_name\" content=\"La Renaissance\" \/>\n<meta property=\"article:publisher\" content=\"https:\/\/www.facebook.com\/larenaissancesaintferreol\" \/>\n<meta property=\"article:modified_time\" content=\"2023-04-08T08:26:10+00:00\" \/>\n<meta property=\"og:image\" content=\"https:\/\/hotellarenaissance.fr\/contact@hotellarenaissance.fr\/wp-content\/uploads\/2021\/04\/a4-haut-1024x724.jpg\" \/>\n<meta name=\"twitter:card\" content=\"summary_large_image\" \/>\n<meta name=\"twitter:label1\" content=\"Dur\u00e9e de lecture estim\u00e9e\" \/>\n\t<meta name=\"twitter:data1\" content=\"2 minutes\" \/>\n<script type=\"application\/ld+json\" class=\"yoast-schema-graph\">{\"@context\":\"https:\\\/\\\/schema.org\",\"@graph\":[{\"@type\":\"WebPage\",\"@id\":\"https:\\\/\\\/hotellarenaissance.fr\\\/contact@hotellarenaissance.fr\\\/la-renaissance\\\/\",\"url\":\"https:\\\/\\\/hotellarenaissance.fr\\\/contact@hotellarenaissance.fr\\\/la-renaissance\\\/\",\"name\":\"La Renaissance - La Renaissance\",\"isPartOf\":{\"@id\":\"https:\\\/\\\/hotellarenaissance.fr\\\/contact@hotellarenaissance.fr\\\/#website\"},\"primaryImageOfPage\":{\"@id\":\"https:\\\/\\\/hotellarenaissance.fr\\\/contact@hotellarenaissance.fr\\\/la-renaissance\\\/#primaryimage\"},\"image\":{\"@id\":\"https:\\\/\\\/hotellarenaissance.fr\\\/contact@hotellarenaissance.fr\\\/la-renaissance\\\/#primaryimage\"},\"thumbnailUrl\":\"https:\\\/\\\/hotellarenaissance.fr\\\/contact@hotellarenaissance.fr\\\/wp-content\\\/uploads\\\/2021\\\/04\\\/a4-haut-1024x724.jpg\",\"datePublished\":\"2021-05-17T11:50:41+00:00\",\"dateModified\":\"2023-04-08T08:26:10+00:00\",\"breadcrumb\":{\"@id\":\"https:\\\/\\\/hotellarenaissance.fr\\\/contact@hotellarenaissance.fr\\\/la-renaissance\\\/#breadcrumb\"},\"inLanguage\":\"fr-FR\",\"potentialAction\":[{\"@type\":\"ReadAction\",\"target\":[\"https:\\\/\\\/hotellarenaissance.fr\\\/contact@hotellarenaissance.fr\\\/la-renaissance\\\/\"]}]},{\"@type\":\"ImageObject\",\"inLanguage\":\"fr-FR\",\"@id\":\"https:\\\/\\\/hotellarenaissance.fr\\\/contact@hotellarenaissance.fr\\\/la-renaissance\\\/#primaryimage\",\"url\":\"https:\\\/\\\/hotellarenaissance.fr\\\/contact@hotellarenaissance.fr\\\/wp-content\\\/uploads\\\/2021\\\/04\\\/a4-haut.jpg\",\"contentUrl\":\"https:\\\/\\\/hotellarenaissance.fr\\\/contact@hotellarenaissance.fr\\\/wp-content\\\/uploads\\\/2021\\\/04\\\/a4-haut.jpg\",\"width\":1600,\"height\":1131},{\"@type\":\"BreadcrumbList\",\"@id\":\"https:\\\/\\\/hotellarenaissance.fr\\\/contact@hotellarenaissance.fr\\\/la-renaissance\\\/#breadcrumb\",\"itemListElement\":[{\"@type\":\"ListItem\",\"position\":1,\"name\":\"Accueil\",\"item\":\"https:\\\/\\\/hotellarenaissance.fr\\\/contact@hotellarenaissance.fr\\\/\"},{\"@type\":\"ListItem\",\"position\":2,\"name\":\"La Renaissance\"}]},{\"@type\":\"WebSite\",\"@id\":\"https:\\\/\\\/hotellarenaissance.fr\\\/contact@hotellarenaissance.fr\\\/#website\",\"url\":\"https:\\\/\\\/hotellarenaissance.fr\\\/contact@hotellarenaissance.fr\\\/\",\"name\":\"La Renaissance\",\"description\":\"H\u00f4tel Restaurant Saint Ferr\u00e9ol\",\"publisher\":{\"@id\":\"https:\\\/\\\/hotellarenaissance.fr\\\/contact@hotellarenaissance.fr\\\/#organization\"},\"potentialAction\":[{\"@type\":\"SearchAction\",\"target\":{\"@type\":\"EntryPoint\",\"urlTemplate\":\"https:\\\/\\\/hotellarenaissance.fr\\\/contact@hotellarenaissance.fr\\\/?s={search_term_string}\"},\"query-input\":{\"@type\":\"PropertyValueSpecification\",\"valueRequired\":true,\"valueName\":\"search_term_string\"}}],\"inLanguage\":\"fr-FR\"},{\"@type\":\"Organization\",\"@id\":\"https:\\\/\\\/hotellarenaissance.fr\\\/contact@hotellarenaissance.fr\\\/#organization\",\"name\":\"La Renaissance\",\"url\":\"https:\\\/\\\/hotellarenaissance.fr\\\/contact@hotellarenaissance.fr\\\/\",\"logo\":{\"@type\":\"ImageObject\",\"inLanguage\":\"fr-FR\",\"@id\":\"https:\\\/\\\/hotellarenaissance.fr\\\/contact@hotellarenaissance.fr\\\/#\\\/schema\\\/logo\\\/image\\\/\",\"url\":\"https:\\\/\\\/hotellarenaissance.fr\\\/contact@hotellarenaissance.fr\\\/wp-content\\\/uploads\\\/2021\\\/04\\\/cropped-LOG1.png\",\"contentUrl\":\"https:\\\/\\\/hotellarenaissance.fr\\\/contact@hotellarenaissance.fr\\\/wp-content\\\/uploads\\\/2021\\\/04\\\/cropped-LOG1.png\",\"width\":100,\"height\":100,\"caption\":\"La Renaissance\"},\"image\":{\"@id\":\"https:\\\/\\\/hotellarenaissance.fr\\\/contact@hotellarenaissance.fr\\\/#\\\/schema\\\/logo\\\/image\\\/\"},\"sameAs\":[\"https:\\\/\\\/www.facebook.com\\\/larenaissancesaintferreol\"]}]}<\/script>\n<!-- \/ Yoast SEO plugin. -->","yoast_head_json":{"title":"La Renaissance - La Renaissance","robots":{"index":"index","follow":"follow","max-snippet":"max-snippet:-1","max-image-preview":"max-image-preview:large","max-video-preview":"max-video-preview:-1"},"canonical":"https:\/\/hotellarenaissance.fr\/contact@hotellarenaissance.fr\/la-renaissance\/","og_locale":"fr_FR","og_type":"article","og_title":"La Renaissance - La Renaissance","og_description":"La Renaissance est situ\u00e9e sur les hauteurs de Revel, \u00e0 45 km de Toulouse (31) et de Carcassonne (11). Vous retrouverez toute l\u2019ambiance d\u2019un h\u00f4tel charmant et confortable, dans des belles chambres personnalis\u00e9es, spacieuses et lumineuses. A la belle saison , vous pourrez profiter de la piscine attenante \u00e0 l\u2019h\u00f4tel.","og_url":"https:\/\/hotellarenaissance.fr\/contact@hotellarenaissance.fr\/la-renaissance\/","og_site_name":"La Renaissance","article_publisher":"https:\/\/www.facebook.com\/larenaissancesaintferreol","article_modified_time":"2023-04-08T08:26:10+00:00","og_image":[{"url":"https:\/\/hotellarenaissance.fr\/contact@hotellarenaissance.fr\/wp-content\/uploads\/2021\/04\/a4-haut-1024x724.jpg","type":"","width":"","height":""}],"twitter_card":"summary_large_image","twitter_misc":{"Dur\u00e9e de lecture estim\u00e9e":"2 minutes"},"schema":{"@context":"https:\/\/schema.org","@graph":[{"@type":"WebPage","@id":"https:\/\/hotellarenaissance.fr\/contact@hotellarenaissance.fr\/la-renaissance\/","url":"https:\/\/hotellarenaissance.fr\/contact@hotellarenaissance.fr\/la-renaissance\/","name":"La Renaissance - La Renaissance","isPartOf":{"@id":"https:\/\/hotellarenaissance.fr\/contact@hotellarenaissance.fr\/#website"},"primaryImageOfPage":{"@id":"https:\/\/hotellarenaissance.fr\/contact@hotellarenaissance.fr\/la-renaissance\/#primaryimage"},"image":{"@id":"https:\/\/hotellarenaissance.fr\/contact@hotellarenaissance.fr\/la-renaissance\/#primaryimage"},"thumbnailUrl":"https:\/\/hotellarenaissance.fr\/contact@hotellarenaissance.fr\/wp-content\/uploads\/2021\/04\/a4-haut-1024x724.jpg","datePublished":"2021-05-17T11:50:41+00:00","dateModified":"2023-04-08T08:26:10+00:00","breadcrumb":{"@id":"https:\/\/hotellarenaissance.fr\/contact@hotellarenaissance.fr\/la-renaissance\/#breadcrumb"},"inLanguage":"fr-FR","potentialAction":[{"@type":"ReadAction","target":["https:\/\/hotellarenaissance.fr\/contact@hotellarenaissance.fr\/la-renaissance\/"]}]},{"@type":"ImageObject","inLanguage":"fr-FR","@id":"https:\/\/hotellarenaissance.fr\/contact@hotellarenaissance.fr\/la-renaissance\/#primaryimage","url":"https:\/\/hotellarenaissance.fr\/contact@hotellarenaissance.fr\/wp-content\/uploads\/2021\/04\/a4-haut.jpg","contentUrl":"https:\/\/hotellarenaissance.fr\/contact@hotellarenaissance.fr\/wp-content\/uploads\/2021\/04\/a4-haut.jpg","width":1600,"height":1131},{"@type":"BreadcrumbList","@id":"https:\/\/hotellarenaissance.fr\/contact@hotellarenaissance.fr\/la-renaissance\/#breadcrumb","itemListElement":[{"@type":"ListItem","position":1,"name":"Accueil","item":"https:\/\/hotellarenaissance.fr\/contact@hotellarenaissance.fr\/"},{"@type":"ListItem","position":2,"name":"La Renaissance"}]},{"@type":"WebSite","@id":"https:\/\/hotellarenaissance.fr\/contact@hotellarenaissance.fr\/#website","url":"https:\/\/hotellarenaissance.fr\/contact@hotellarenaissance.fr\/","name":"La Renaissance","description":"H\u00f4tel Restaurant Saint Ferr\u00e9ol","publisher":{"@id":"https:\/\/hotellarenaissance.fr\/contact@hotellarenaissance.fr\/#organization"},"potentialAction":[{"@type":"SearchAction","target":{"@type":"EntryPoint","urlTemplate":"https:\/\/hotellarenaissance.fr\/contact@hotellarenaissance.fr\/?s={search_term_string}"},"query-input":{"@type":"PropertyValueSpecification","valueRequired":true,"valueName":"search_term_string"}}],"inLanguage":"fr-FR"},{"@type":"Organization","@id":"https:\/\/hotellarenaissance.fr\/contact@hotellarenaissance.fr\/#organization","name":"La Renaissance","url":"https:\/\/hotellarenaissance.fr\/contact@hotellarenaissance.fr\/","logo":{"@type":"ImageObject","inLanguage":"fr-FR","@id":"https:\/\/hotellarenaissance.fr\/contact@hotellarenaissance.fr\/#\/schema\/logo\/image\/","url":"https:\/\/hotellarenaissance.fr\/contact@hotellarenaissance.fr\/wp-content\/uploads\/2021\/04\/cropped-LOG1.png","contentUrl":"https:\/\/hotellarenaissance.fr\/contact@hotellarenaissance.fr\/wp-content\/uploads\/2021\/04\/cropped-LOG1.png","width":100,"height":100,"caption":"La Renaissance"},"image":{"@id":"https:\/\/hotellarenaissance.fr\/contact@hotellarenaissance.fr\/#\/schema\/logo\/image\/"},"sameAs":["https:\/\/www.facebook.com\/larenaissancesaintferreol"]}]}},"_links":{"self":[{"href":"https:\/\/hotellarenaissance.fr\/contact@hotellarenaissance.fr\/wp-json\/wp\/v2\/pages\/72","targetHints":{"allow":["GET"]}}],"collection":[{"href":"https:\/\/hotellarenaissance.fr\/contact@hotellarenaissance.fr\/wp-json\/wp\/v2\/pages"}],"about":[{"href":"https:\/\/hotellarenaissance.fr\/contact@hotellarenaissance.fr\/wp-json\/wp\/v2\/types\/page"}],"author":[{"embeddable":true,"href":"https:\/\/hotellarenaissance.fr\/contact@hotellarenaissance.fr\/wp-json\/wp\/v2\/users\/1"}],"replies":[{"embeddable":true,"href":"https:\/\/hotellarenaissance.fr\/contact@hotellarenaissance.fr\/wp-json\/wp\/v2\/comments?post=72"}],"version-history":[{"count":7,"href":"https:\/\/hotellarenaissance.fr\/contact@hotellarenaissance.fr\/wp-json\/wp\/v2\/pages\/72\/revisions"}],"predecessor-version":[{"id":269,"href":"https:\/\/hotellarenaissance.fr\/contact@hotellarenaissance.fr\/wp-json\/wp\/v2\/pages\/72\/revisions\/269"}],"wp:attachment":[{"href":"https:\/\/hotellarenaissance.fr\/contact@hotellarenaissance.fr\/wp-json\/wp\/v2\/media?parent=72"}],"curies":[{"name":"wp","href":"https:\/\/api.w.org\/{rel}","templated":true}]}}