{"id":89,"date":"2021-05-17T14:06:01","date_gmt":"2021-05-17T12:06:01","guid":{"rendered":"https:\/\/hotellarenaissance.fr\/contact@hotellarenaissance.fr\/?page_id=89"},"modified":"2021-05-17T18:22:41","modified_gmt":"2021-05-17T16:22:41","slug":"la-region","status":"publish","type":"page","link":"https:\/\/hotellarenaissance.fr\/contact@hotellarenaissance.fr\/la-region\/","title":{"rendered":"La R\u00e9gion"},"content":{"rendered":"\n<figure class=\"wp-block-image size-large\"><img loading=\"lazy\" decoding=\"async\" width=\"768\" height=\"1024\" src=\"https:\/\/hotellarenaissance.fr\/contact@hotellarenaissance.fr\/wp-content\/uploads\/2020\/11\/888-768x1024.jpg\" alt=\"\" class=\"wp-image-81\" srcset=\"https:\/\/hotellarenaissance.fr\/contact@hotellarenaissance.fr\/wp-content\/uploads\/2020\/11\/888-768x1024.jpg 768w, https:\/\/hotellarenaissance.fr\/contact@hotellarenaissance.fr\/wp-content\/uploads\/2020\/11\/888-225x300.jpg 225w, https:\/\/hotellarenaissance.fr\/contact@hotellarenaissance.fr\/wp-content\/uploads\/2020\/11\/888-1152x1536.jpg 1152w, https:\/\/hotellarenaissance.fr\/contact@hotellarenaissance.fr\/wp-content\/uploads\/2020\/11\/888-45x60.jpg 45w, https:\/\/hotellarenaissance.fr\/contact@hotellarenaissance.fr\/wp-content\/uploads\/2020\/11\/888.jpg 1536w\" sizes=\"auto, (max-width: 768px) 100vw, 768px\" \/><\/figure>\n\n\n\n<p class=\"has-medium-font-size\">Le Lac de Saint Ferr\u00e9ol<\/p>\n\n\n\n<p>Nich\u00e9 dans un vallon sur le cours du Laudot, le lac de Saint-Ferr\u00e9ol est une r\u00e9serve d\u2019eau pour le Canal du Midi. Il permet de compenser l\u2019irr\u00e9gularit\u00e9 temporelle des besoins en eau du Canal du Midi et les al\u00e9as de la pluviom\u00e9trie de la Montagne Noire. Le site est entour\u00e9 des premiers sommets arbor\u00e9s de la Montagne Noire avec leur cama\u00efeu de vert.<\/p>\n\n\n\n<p>Cinq ann\u00e9es (1667-1672) ont \u00e9t\u00e9 n\u00e9cessaires pour construire ce \u00ab magasin d\u2019eau \u00bb, de surcroit, la plus vaste retenue d\u2019Europe atteignant 3,5 millions de m3. La structure de ce barrage poids repose sur un mur de digue maintenu en amont et en aval par des remblais et d\u2019autres murs. Apr\u00e8s l\u2019intervention de Vauban, le volume du bassin de Saint-Ferr\u00e9ol est doubl\u00e9. Le site attire, d\u00e8s l\u2019\u00e9poque, les curieux d\u2019Europe et du monde comme les fr\u00e8res de Louis XVI, mais aussi l\u2019ambassadeur des Etats-Unis d\u2019Am\u00e9rique Thomas Jefferson venu admirer les ouvrages de Riquet en 1789.<\/p>\n\n\n\n<p>2 vannes suppl\u00e9mentaires sont ouvertes au milieu du XIXe s. dans le but d\u2019agr\u00e9menter ce lieu touristique. Les vannes de la Badorque ont \u00e9t\u00e9 con\u00e7ues en pleine p\u00e9riode Romantique pour am\u00e9nager de nouvelles pi\u00e8ces d\u2019eau dans un jardin \u00e0 l\u2019anglaise : des cascades et la fameuse Gerbe de Saint-Ferr\u00e9ol.<\/p>\n\n\n\n<p>Les premi\u00e8res plantations permettaient de stabiliser la structure du bassin. Une pin\u00e8de est am\u00e9nag\u00e9e tout autour du lac. Ici, m\u00eame l\u2019air sent bon gr\u00e2ce \u00e0 ces pins qui bordent les plages. Vous \u00eates chaleureusement invit\u00e9s \u00e0 profiter de cette vo\u00fbte verdoyante pour vous d\u00e9tendre, pique-niquer ou m\u00eame escargoter ! Baignade surveill\u00e9e en juillet et ao\u00fbt.<\/p>\n\n\n\n<p>Id\u00e9al donc pour passer une journ\u00e9e en famille, pour pique-niquer ou pour se promener !<\/p>\n\n\n\n<p><strong><u>Visites \u00e0 proximit\u00e9:<\/u><\/strong><\/p>\n\n\n\n<p>Saint Ferr\u00e9ol: <em>Mus\u00e9e et Jardin du Canal du Midi<\/em><\/p>\n\n\n\n<p>Revel: 2,5 km <em>Mus\u00e9e du bois<\/em><\/p>\n\n\n\n<p>Revel: 2,5 km <em>March\u00e9 typique tous les samedis matin (class\u00e9 dans les 100 plus beaux de France)<\/em><\/p>\n\n\n\n<p>Sor\u00e8ze: 4 km <em>Village M\u00e9di\u00e9val, Abbaye \u00e9cole Royale<\/em><\/p>\n\n\n\n<p>Durfort: 5 km <em>Village du cuivre artisanal<\/em><\/p>\n\n\n\n<p>Dourgne: 5 km <em>Monast\u00e8re En Calcat<\/em><\/p>\n\n\n\n<p>Les Brunnels: 6 km <em>Vue panoramique sur les Pyr\u00e9n\u00e9es<\/em><\/p>\n\n\n\n<p>Les Cammazes: 8 km <em>Barrage et Vo\u00fbte de Vauban<\/em><\/p>\n\n\n\n<p>Saint F\u00e9lix Lgs: 10 km <em>Village M\u00e9di\u00e9val<\/em><\/p>\n\n\n\n<p>Saissac: 14 km <em>Ch\u00e2teau, Vue panoramique<\/em><\/p>\n\n\n\n<p>Montolieu: 20 km <em>Village du livre<\/em><\/p>\n\n\n\n<p>Castelnaudary: 20 km <em>Canal du Midi,<\/em><\/p>\n\n\n\n<p><em>Conserverie de cassoulet<\/em><\/p>\n\n\n\n<p>Montferrand: 25 km <em>Partage des eaux:<\/em><\/p>\n\n\n\n<p><em>Canal\u00a0 du Midi<\/em><\/p>\n\n\n\n<figure class=\"wp-block-image size-large\"><img loading=\"lazy\" decoding=\"async\" width=\"1024\" height=\"682\" src=\"https:\/\/hotellarenaissance.fr\/contact@hotellarenaissance.fr\/wp-content\/uploads\/2021\/05\/20161008_164123_HDR-01-1-1024x682.jpeg\" alt=\"\" class=\"wp-image-137\" srcset=\"https:\/\/hotellarenaissance.fr\/contact@hotellarenaissance.fr\/wp-content\/uploads\/2021\/05\/20161008_164123_HDR-01-1-1024x682.jpeg 1024w, https:\/\/hotellarenaissance.fr\/contact@hotellarenaissance.fr\/wp-content\/uploads\/2021\/05\/20161008_164123_HDR-01-1-300x200.jpeg 300w, https:\/\/hotellarenaissance.fr\/contact@hotellarenaissance.fr\/wp-content\/uploads\/2021\/05\/20161008_164123_HDR-01-1-768x512.jpeg 768w, https:\/\/hotellarenaissance.fr\/contact@hotellarenaissance.fr\/wp-content\/uploads\/2021\/05\/20161008_164123_HDR-01-1-1536x1024.jpeg 1536w, https:\/\/hotellarenaissance.fr\/contact@hotellarenaissance.fr\/wp-content\/uploads\/2021\/05\/20161008_164123_HDR-01-1-90x60.jpeg 90w, https:\/\/hotellarenaissance.fr\/contact@hotellarenaissance.fr\/wp-content\/uploads\/2021\/05\/20161008_164123_HDR-01-1.jpeg 2000w\" sizes=\"auto, (max-width: 1024px) 100vw, 1024px\" \/><\/figure>\n\n\n\n<p><strong><u>Visites d\u2019un jour:<\/u><\/strong><\/p>\n\n\n\n<p>Toulouse: 40 km <em>Vieille ville et Cit\u00e9 de l\u2019espace.<\/em><\/p>\n\n\n\n<p>Carcassonne: 45 km <em>Cit\u00e9 M\u00e9di\u00e9vale<\/em><\/p>\n\n\n\n<p>Mirepoix: 45 km <em>Place M\u00e9di\u00e9vale<\/em><\/p>\n\n\n\n<p>Mazamet: 45 km <em>\u00ab&nbsp;La Richarde&nbsp;\u00bb artisanat du cuir<\/em><\/p>\n\n\n\n<p>Gaillac: 50 km <em>Circuit des Vignobles<\/em><\/p>\n\n\n\n<p>Limoux: 60 km<em> Caves de Blanquette&nbsp;<\/em><\/p>\n\n\n\n<p>Albi: 70 km <em>Cath\u00e9drale, mus\u00e9e Toulouse Lautrec<\/em><\/p>\n\n\n\n<p>Les Pyr\u00e9n\u00e9es: <em>\u00e0 partir de 80 km<\/em><\/p>\n\n\n\n<p>C\u00f4te M\u00e9diterran\u00e9enne <em>\u00e0 partir de 100 k<\/em><\/p>\n","protected":false},"excerpt":{"rendered":"<p>Le Lac de Saint Ferr\u00e9ol Nich\u00e9 dans un vallon sur le cours du Laudot, le lac de Saint-Ferr\u00e9ol est une r\u00e9serve d\u2019eau pour le Canal du Midi. Il permet de compenser l\u2019irr\u00e9gularit\u00e9 temporelle des besoins en eau du Canal du Midi et les al\u00e9as de la pluviom\u00e9trie de la Montagne Noire. Le site est entour\u00e9 &hellip; <\/p>\n","protected":false},"author":1,"featured_media":0,"parent":0,"menu_order":0,"comment_status":"closed","ping_status":"closed","template":"","meta":{"footnotes":""},"class_list":["post-89","page","type-page","status-publish","hentry","grid-sizer"],"yoast_head":"<!-- This site is optimized with the Yoast SEO plugin v27.1.1 - https:\/\/yoast.com\/product\/yoast-seo-wordpress\/ -->\n<title>La R\u00e9gion - La Renaissance<\/title>\n<meta name=\"robots\" content=\"index, follow, max-snippet:-1, max-image-preview:large, max-video-preview:-1\" \/>\n<link rel=\"canonical\" href=\"https:\/\/hotellarenaissance.fr\/contact@hotellarenaissance.fr\/la-region\/\" \/>\n<meta property=\"og:locale\" content=\"fr_FR\" \/>\n<meta property=\"og:type\" content=\"article\" \/>\n<meta property=\"og:title\" content=\"La R\u00e9gion - La Renaissance\" \/>\n<meta property=\"og:description\" content=\"Le Lac de Saint Ferr\u00e9ol Nich\u00e9 dans un vallon sur le cours du Laudot, le lac de Saint-Ferr\u00e9ol est une r\u00e9serve d\u2019eau pour le Canal du Midi. Il permet de compenser l\u2019irr\u00e9gularit\u00e9 temporelle des besoins en eau du Canal du Midi et les al\u00e9as de la pluviom\u00e9trie de la Montagne Noire. Le site est entour\u00e9 &hellip;\" \/>\n<meta property=\"og:url\" content=\"https:\/\/hotellarenaissance.fr\/contact@hotellarenaissance.fr\/la-region\/\" \/>\n<meta property=\"og:site_name\" content=\"La Renaissance\" \/>\n<meta property=\"article:publisher\" content=\"https:\/\/www.facebook.com\/larenaissancesaintferreol\" \/>\n<meta property=\"article:modified_time\" content=\"2021-05-17T16:22:41+00:00\" \/>\n<meta property=\"og:image\" content=\"https:\/\/hotellarenaissance.fr\/contact@hotellarenaissance.fr\/wp-content\/uploads\/2020\/11\/888-768x1024.jpg\" \/>\n<meta name=\"twitter:card\" content=\"summary_large_image\" \/>\n<meta name=\"twitter:label1\" content=\"Dur\u00e9e de lecture estim\u00e9e\" \/>\n\t<meta name=\"twitter:data1\" content=\"2 minutes\" \/>\n<script type=\"application\/ld+json\" class=\"yoast-schema-graph\">{\"@context\":\"https:\/\/schema.org\",\"@graph\":[{\"@type\":\"WebPage\",\"@id\":\"https:\/\/hotellarenaissance.fr\/contact@hotellarenaissance.fr\/la-region\/\",\"url\":\"https:\/\/hotellarenaissance.fr\/contact@hotellarenaissance.fr\/la-region\/\",\"name\":\"La R\u00e9gion - La Renaissance\",\"isPartOf\":{\"@id\":\"https:\/\/hotellarenaissance.fr\/contact@hotellarenaissance.fr\/#website\"},\"primaryImageOfPage\":{\"@id\":\"https:\/\/hotellarenaissance.fr\/contact@hotellarenaissance.fr\/la-region\/#primaryimage\"},\"image\":{\"@id\":\"https:\/\/hotellarenaissance.fr\/contact@hotellarenaissance.fr\/la-region\/#primaryimage\"},\"thumbnailUrl\":\"https:\/\/hotellarenaissance.fr\/contact@hotellarenaissance.fr\/wp-content\/uploads\/2020\/11\/888-768x1024.jpg\",\"datePublished\":\"2021-05-17T12:06:01+00:00\",\"dateModified\":\"2021-05-17T16:22:41+00:00\",\"breadcrumb\":{\"@id\":\"https:\/\/hotellarenaissance.fr\/contact@hotellarenaissance.fr\/la-region\/#breadcrumb\"},\"inLanguage\":\"fr-FR\",\"potentialAction\":[{\"@type\":\"ReadAction\",\"target\":[\"https:\/\/hotellarenaissance.fr\/contact@hotellarenaissance.fr\/la-region\/\"]}]},{\"@type\":\"ImageObject\",\"inLanguage\":\"fr-FR\",\"@id\":\"https:\/\/hotellarenaissance.fr\/contact@hotellarenaissance.fr\/la-region\/#primaryimage\",\"url\":\"https:\/\/hotellarenaissance.fr\/contact@hotellarenaissance.fr\/wp-content\/uploads\/2020\/11\/888.jpg\",\"contentUrl\":\"https:\/\/hotellarenaissance.fr\/contact@hotellarenaissance.fr\/wp-content\/uploads\/2020\/11\/888.jpg\",\"width\":1536,\"height\":2048},{\"@type\":\"BreadcrumbList\",\"@id\":\"https:\/\/hotellarenaissance.fr\/contact@hotellarenaissance.fr\/la-region\/#breadcrumb\",\"itemListElement\":[{\"@type\":\"ListItem\",\"position\":1,\"name\":\"Accueil\",\"item\":\"https:\/\/hotellarenaissance.fr\/contact@hotellarenaissance.fr\/\"},{\"@type\":\"ListItem\",\"position\":2,\"name\":\"La R\u00e9gion\"}]},{\"@type\":\"WebSite\",\"@id\":\"https:\/\/hotellarenaissance.fr\/contact@hotellarenaissance.fr\/#website\",\"url\":\"https:\/\/hotellarenaissance.fr\/contact@hotellarenaissance.fr\/\",\"name\":\"La Renaissance\",\"description\":\"H\u00f4tel Restaurant Saint Ferr\u00e9ol\",\"publisher\":{\"@id\":\"https:\/\/hotellarenaissance.fr\/contact@hotellarenaissance.fr\/#organization\"},\"potentialAction\":[{\"@type\":\"SearchAction\",\"target\":{\"@type\":\"EntryPoint\",\"urlTemplate\":\"https:\/\/hotellarenaissance.fr\/contact@hotellarenaissance.fr\/?s={search_term_string}\"},\"query-input\":{\"@type\":\"PropertyValueSpecification\",\"valueRequired\":true,\"valueName\":\"search_term_string\"}}],\"inLanguage\":\"fr-FR\"},{\"@type\":\"Organization\",\"@id\":\"https:\/\/hotellarenaissance.fr\/contact@hotellarenaissance.fr\/#organization\",\"name\":\"La Renaissance\",\"url\":\"https:\/\/hotellarenaissance.fr\/contact@hotellarenaissance.fr\/\",\"logo\":{\"@type\":\"ImageObject\",\"inLanguage\":\"fr-FR\",\"@id\":\"https:\/\/hotellarenaissance.fr\/contact@hotellarenaissance.fr\/#\/schema\/logo\/image\/\",\"url\":\"https:\/\/hotellarenaissance.fr\/contact@hotellarenaissance.fr\/wp-content\/uploads\/2021\/04\/cropped-LOG1.png\",\"contentUrl\":\"https:\/\/hotellarenaissance.fr\/contact@hotellarenaissance.fr\/wp-content\/uploads\/2021\/04\/cropped-LOG1.png\",\"width\":100,\"height\":100,\"caption\":\"La Renaissance\"},\"image\":{\"@id\":\"https:\/\/hotellarenaissance.fr\/contact@hotellarenaissance.fr\/#\/schema\/logo\/image\/\"},\"sameAs\":[\"https:\/\/www.facebook.com\/larenaissancesaintferreol\"]}]}<\/script>\n<!-- \/ Yoast SEO plugin. -->","yoast_head_json":{"title":"La R\u00e9gion - La Renaissance","robots":{"index":"index","follow":"follow","max-snippet":"max-snippet:-1","max-image-preview":"max-image-preview:large","max-video-preview":"max-video-preview:-1"},"canonical":"https:\/\/hotellarenaissance.fr\/contact@hotellarenaissance.fr\/la-region\/","og_locale":"fr_FR","og_type":"article","og_title":"La R\u00e9gion - La Renaissance","og_description":"Le Lac de Saint Ferr\u00e9ol Nich\u00e9 dans un vallon sur le cours du Laudot, le lac de Saint-Ferr\u00e9ol est une r\u00e9serve d\u2019eau pour le Canal du Midi. Il permet de compenser l\u2019irr\u00e9gularit\u00e9 temporelle des besoins en eau du Canal du Midi et les al\u00e9as de la pluviom\u00e9trie de la Montagne Noire. Le site est entour\u00e9 &hellip;","og_url":"https:\/\/hotellarenaissance.fr\/contact@hotellarenaissance.fr\/la-region\/","og_site_name":"La Renaissance","article_publisher":"https:\/\/www.facebook.com\/larenaissancesaintferreol","article_modified_time":"2021-05-17T16:22:41+00:00","og_image":[{"url":"https:\/\/hotellarenaissance.fr\/contact@hotellarenaissance.fr\/wp-content\/uploads\/2020\/11\/888-768x1024.jpg","type":"","width":"","height":""}],"twitter_card":"summary_large_image","twitter_misc":{"Dur\u00e9e de lecture estim\u00e9e":"2 minutes"},"schema":{"@context":"https:\/\/schema.org","@graph":[{"@type":"WebPage","@id":"https:\/\/hotellarenaissance.fr\/contact@hotellarenaissance.fr\/la-region\/","url":"https:\/\/hotellarenaissance.fr\/contact@hotellarenaissance.fr\/la-region\/","name":"La R\u00e9gion - La Renaissance","isPartOf":{"@id":"https:\/\/hotellarenaissance.fr\/contact@hotellarenaissance.fr\/#website"},"primaryImageOfPage":{"@id":"https:\/\/hotellarenaissance.fr\/contact@hotellarenaissance.fr\/la-region\/#primaryimage"},"image":{"@id":"https:\/\/hotellarenaissance.fr\/contact@hotellarenaissance.fr\/la-region\/#primaryimage"},"thumbnailUrl":"https:\/\/hotellarenaissance.fr\/contact@hotellarenaissance.fr\/wp-content\/uploads\/2020\/11\/888-768x1024.jpg","datePublished":"2021-05-17T12:06:01+00:00","dateModified":"2021-05-17T16:22:41+00:00","breadcrumb":{"@id":"https:\/\/hotellarenaissance.fr\/contact@hotellarenaissance.fr\/la-region\/#breadcrumb"},"inLanguage":"fr-FR","potentialAction":[{"@type":"ReadAction","target":["https:\/\/hotellarenaissance.fr\/contact@hotellarenaissance.fr\/la-region\/"]}]},{"@type":"ImageObject","inLanguage":"fr-FR","@id":"https:\/\/hotellarenaissance.fr\/contact@hotellarenaissance.fr\/la-region\/#primaryimage","url":"https:\/\/hotellarenaissance.fr\/contact@hotellarenaissance.fr\/wp-content\/uploads\/2020\/11\/888.jpg","contentUrl":"https:\/\/hotellarenaissance.fr\/contact@hotellarenaissance.fr\/wp-content\/uploads\/2020\/11\/888.jpg","width":1536,"height":2048},{"@type":"BreadcrumbList","@id":"https:\/\/hotellarenaissance.fr\/contact@hotellarenaissance.fr\/la-region\/#breadcrumb","itemListElement":[{"@type":"ListItem","position":1,"name":"Accueil","item":"https:\/\/hotellarenaissance.fr\/contact@hotellarenaissance.fr\/"},{"@type":"ListItem","position":2,"name":"La R\u00e9gion"}]},{"@type":"WebSite","@id":"https:\/\/hotellarenaissance.fr\/contact@hotellarenaissance.fr\/#website","url":"https:\/\/hotellarenaissance.fr\/contact@hotellarenaissance.fr\/","name":"La Renaissance","description":"H\u00f4tel Restaurant Saint Ferr\u00e9ol","publisher":{"@id":"https:\/\/hotellarenaissance.fr\/contact@hotellarenaissance.fr\/#organization"},"potentialAction":[{"@type":"SearchAction","target":{"@type":"EntryPoint","urlTemplate":"https:\/\/hotellarenaissance.fr\/contact@hotellarenaissance.fr\/?s={search_term_string}"},"query-input":{"@type":"PropertyValueSpecification","valueRequired":true,"valueName":"search_term_string"}}],"inLanguage":"fr-FR"},{"@type":"Organization","@id":"https:\/\/hotellarenaissance.fr\/contact@hotellarenaissance.fr\/#organization","name":"La Renaissance","url":"https:\/\/hotellarenaissance.fr\/contact@hotellarenaissance.fr\/","logo":{"@type":"ImageObject","inLanguage":"fr-FR","@id":"https:\/\/hotellarenaissance.fr\/contact@hotellarenaissance.fr\/#\/schema\/logo\/image\/","url":"https:\/\/hotellarenaissance.fr\/contact@hotellarenaissance.fr\/wp-content\/uploads\/2021\/04\/cropped-LOG1.png","contentUrl":"https:\/\/hotellarenaissance.fr\/contact@hotellarenaissance.fr\/wp-content\/uploads\/2021\/04\/cropped-LOG1.png","width":100,"height":100,"caption":"La Renaissance"},"image":{"@id":"https:\/\/hotellarenaissance.fr\/contact@hotellarenaissance.fr\/#\/schema\/logo\/image\/"},"sameAs":["https:\/\/www.facebook.com\/larenaissancesaintferreol"]}]}},"_links":{"self":[{"href":"https:\/\/hotellarenaissance.fr\/contact@hotellarenaissance.fr\/wp-json\/wp\/v2\/pages\/89","targetHints":{"allow":["GET"]}}],"collection":[{"href":"https:\/\/hotellarenaissance.fr\/contact@hotellarenaissance.fr\/wp-json\/wp\/v2\/pages"}],"about":[{"href":"https:\/\/hotellarenaissance.fr\/contact@hotellarenaissance.fr\/wp-json\/wp\/v2\/types\/page"}],"author":[{"embeddable":true,"href":"https:\/\/hotellarenaissance.fr\/contact@hotellarenaissance.fr\/wp-json\/wp\/v2\/users\/1"}],"replies":[{"embeddable":true,"href":"https:\/\/hotellarenaissance.fr\/contact@hotellarenaissance.fr\/wp-json\/wp\/v2\/comments?post=89"}],"version-history":[{"count":5,"href":"https:\/\/hotellarenaissance.fr\/contact@hotellarenaissance.fr\/wp-json\/wp\/v2\/pages\/89\/revisions"}],"predecessor-version":[{"id":138,"href":"https:\/\/hotellarenaissance.fr\/contact@hotellarenaissance.fr\/wp-json\/wp\/v2\/pages\/89\/revisions\/138"}],"wp:attachment":[{"href":"https:\/\/hotellarenaissance.fr\/contact@hotellarenaissance.fr\/wp-json\/wp\/v2\/media?parent=89"}],"curies":[{"name":"wp","href":"https:\/\/api.w.org\/{rel}","templated":true}]}}